{"id":969,"date":"2018-12-11T16:07:40","date_gmt":"2018-12-11T15:07:40","guid":{"rendered":"http:\/\/www.parquoijecommence.eu\/?page_id=969"},"modified":"2021-10-16T19:17:59","modified_gmt":"2021-10-16T17:17:59","slug":"zero-dechets","status":"publish","type":"page","link":"https:\/\/www.parquoijecommence.eu\/?page_id=969","title":{"rendered":"Z\u00e9ro d\u00e9chet"},"content":{"rendered":"<p>O-d\u00e9chet: les recettes \u00e0 faire soi-m\u00eame<\/p>\n<ul>\n<li><a href=\"http:\/\/www.parquoijecommence.eu\/wp-content\/uploads\/2018\/06\/Dentifrice.pdf\" target=\"_blank\" rel=\"noopener noreferrer\">le dentifrice<\/a><\/li>\n<li><a href=\"http:\/\/www.parquoijecommence.eu\/wp-content\/uploads\/2018\/06\/Gel-pour-cheveux.pdf\" target=\"_blank\" rel=\"noopener noreferrer\">le gel pour cheveux<\/a><\/li>\n<li><a href=\"http:\/\/www.parquoijecommence.eu\/wp-content\/uploads\/2018\/06\/Lessive.pdf\" target=\"_blank\" rel=\"noopener noreferrer\">la lessive<\/a><\/li>\n<li><a href=\"http:\/\/www.parquoijecommence.eu\/wp-content\/uploads\/2019\/02\/Lessive-de-lierre.pdf\" target=\"_blank\" rel=\"noopener noreferrer\">la lessive au lierre<\/a><\/li>\n<li><a href=\"http:\/\/www.parquoijecommence.eu\/wp-content\/uploads\/2018\/06\/Produit-vaisselle.pdf\" target=\"_blank\" rel=\"noopener noreferrer\">le produit vaisselle<\/a><\/li>\n<li><a href=\"http:\/\/www.parquoijecommence.eu\/wp-content\/uploads\/2018\/06\/Nettoyant-multi-usage.pdf\" target=\"_blank\" rel=\"noopener noreferrer\">le nettoyant multi-usage<\/a><\/li>\n<li><a href=\"http:\/\/www.parquoijecommence.eu\/wp-content\/uploads\/2018\/06\/Poudre-lave-vaisselle.pdf\" target=\"_blank\" rel=\"noopener noreferrer\">la poudre \u00e0 lave-vaisselle<\/a><\/li>\n<li><a href=\"http:\/\/www.parquoijecommence.eu\/wp-content\/uploads\/2018\/06\/Nettoyant-sol.pdf\" target=\"_blank\" rel=\"noopener noreferrer\">le produit pour les sols<\/a><\/li>\n<\/ul>\n\n\n<p><a href=\"https:\/\/www.c-and-a.com\/fr\/fr\/shop\/zero-dechet-consommation-durable\" target=\"_blank\" rel=\"noreferrer noopener\">Z\u00e9ro d\u00e9chet : petit guide pratique pour r\u00e9duire ses d\u00e9chets<\/a><\/p>\n","protected":false},"excerpt":{"rendered":"<p>O-d\u00e9chet: les recettes \u00e0 faire soi-m\u00eame le dentifrice le gel pour cheveux la lessive la lessive au lierre le produit<\/p>\n","protected":false},"author":1,"featured_media":0,"parent":0,"menu_order":0,"comment_status":"closed","ping_status":"closed","template":"","meta":{"colormag_page_container_layout":"default_layout","colormag_page_sidebar_layout":"default_layout","footnotes":""},"class_list":["post-969","page","type-page","status-publish","hentry"],"_links":{"self":[{"href":"https:\/\/www.parquoijecommence.eu\/index.php?rest_route=\/wp\/v2\/pages\/969","targetHints":{"allow":["GET"]}}],"collection":[{"href":"https:\/\/www.parquoijecommence.eu\/index.php?rest_route=\/wp\/v2\/pages"}],"about":[{"href":"https:\/\/www.parquoijecommence.eu\/index.php?rest_route=\/wp\/v2\/types\/page"}],"author":[{"embeddable":true,"href":"https:\/\/www.parquoijecommence.eu\/index.php?rest_route=\/wp\/v2\/users\/1"}],"replies":[{"embeddable":true,"href":"https:\/\/www.parquoijecommence.eu\/index.php?rest_route=%2Fwp%2Fv2%2Fcomments&post=969"}],"version-history":[{"count":4,"href":"https:\/\/www.parquoijecommence.eu\/index.php?rest_route=\/wp\/v2\/pages\/969\/revisions"}],"predecessor-version":[{"id":1569,"href":"https:\/\/www.parquoijecommence.eu\/index.php?rest_route=\/wp\/v2\/pages\/969\/revisions\/1569"}],"wp:attachment":[{"href":"https:\/\/www.parquoijecommence.eu\/index.php?rest_route=%2Fwp%2Fv2%2Fmedia&parent=969"}],"curies":[{"name":"wp","href":"https:\/\/api.w.org\/{rel}","templated":true}]}}