{"id":747,"date":"2018-05-23T16:51:19","date_gmt":"2018-05-23T14:51:19","guid":{"rendered":"http:\/\/www.parquoijecommence.eu\/?page_id=747"},"modified":"2018-05-23T16:51:51","modified_gmt":"2018-05-23T14:51:51","slug":"plan-du-site-2","status":"publish","type":"page","link":"https:\/\/www.parquoijecommence.eu\/?page_id=747","title":{"rendered":"Plan du Site"},"content":{"rendered":"<div id=\"wp-realtime-sitemap-pages\"><h3>Pages<\/h3><ul><li class=\"page_item page-item-13\"><a href=\"https:\/\/www.parquoijecommence.eu\/?page_id=13\">Contact<\/a><\/li>\n<li class=\"page_item page-item-6\"><a href=\"https:\/\/www.parquoijecommence.eu\/?page_id=6\">Calendrier<\/a><\/li>\n<li class=\"page_item page-item-38 current_page_parent\"><a href=\"https:\/\/www.parquoijecommence.eu\/?page_id=38\">Blog<\/a><\/li>\n<li class=\"page_item page-item-64 page_item_has_children\"><a href=\"https:\/\/www.parquoijecommence.eu\/?page_id=64\">Actions<\/a>\n<ul class='children'>\n\t<li class=\"page_item page-item-82\"><a href=\"https:\/\/www.parquoijecommence.eu\/?page_id=82\">Kanban<\/a><\/li>\n<\/ul>\n<\/li>\n<li class=\"page_item page-item-721\"><a href=\"https:\/\/www.parquoijecommence.eu\/?page_id=721\">Politique de confidentialit\u00e9<\/a><\/li>\n<li class=\"page_item page-item-744\"><a href=\"https:\/\/www.parquoijecommence.eu\/?page_id=744\">Plan du site<\/a><\/li>\n<li class=\"page_item page-item-747\"><a href=\"https:\/\/www.parquoijecommence.eu\/?page_id=747\">Plan du Site<\/a><\/li>\n<li class=\"page_item page-item-62\"><a href=\"https:\/\/www.parquoijecommence.eu\/?page_id=62\">Tronchbinoscope<\/a><\/li>\n<li class=\"page_item page-item-1191\"><a href=\"https:\/\/www.parquoijecommence.eu\/?page_id=1191\">Charte<\/a><\/li>\n<li class=\"page_item page-item-492\"><a href=\"https:\/\/www.parquoijecommence.eu\/?page_id=492\">Nos actions<\/a><\/li>\n<li class=\"page_item page-item-1360\"><a href=\"https:\/\/www.parquoijecommence.eu\/?page_id=1360\">Centrales Villageoises du Nord-Alsace &#8211; ATENA<\/a><\/li>\n<li class=\"page_item page-item-740\"><a href=\"https:\/\/www.parquoijecommence.eu\/?page_id=740\">Mentions L\u00e9gales<\/a><\/li>\n<li class=\"page_item page-item-969\"><a href=\"https:\/\/www.parquoijecommence.eu\/?page_id=969\">Z\u00e9ro d\u00e9chet<\/a><\/li>\n<li class=\"page_item page-item-226\"><a href=\"https:\/\/www.parquoijecommence.eu\/?page_id=226\">Vid\u00e9os &#038; Liens<\/a><\/li>\n<li class=\"page_item page-item-2\"><a href=\"https:\/\/www.parquoijecommence.eu\/\">Qui sommes-nous?<\/a><\/li>\n<\/ul><\/div><div id=\"wp-realtime-sitemap-posts\"><h3>Posts<\/h3><ul><li><a href=\"https:\/\/www.parquoijecommence.eu\/?p=52\" title=\"Permalink to O\u00f9 l&rsquo;on parle du collectif dans les DNA\" rel=\"bookmark\">O\u00f9 l&rsquo;on parle du collectif dans les DNA<\/a> <span>29 juin 2017<\/span><\/li><li><a href=\"https:\/\/www.parquoijecommence.eu\/?p=54\" title=\"Permalink to France 3 s&rsquo;int\u00e9resse \u00e0 notre d\u00e9marche\" rel=\"bookmark\">France 3 s&rsquo;int\u00e9resse \u00e0 notre d\u00e9marche<\/a> <span>29 juin 2017<\/span><\/li><li><a href=\"https:\/\/www.parquoijecommence.eu\/?p=94\" title=\"Permalink to Jeudi 29 juin 2017: premi\u00e8re action \u00e0 la Nef (1)\" rel=\"bookmark\">Jeudi 29 juin 2017: premi\u00e8re action \u00e0 la Nef (1)<\/a> <span>2 juillet 2017<\/span><\/li><li><a href=\"https:\/\/www.parquoijecommence.eu\/?p=100\" title=\"Permalink to Jeudi 29 juin 2017: premi\u00e8re action \u00e0 la Nef (2)\" rel=\"bookmark\">Jeudi 29 juin 2017: premi\u00e8re action \u00e0 la Nef (2)<\/a> <span>2 juillet 2017<\/span><\/li><li><a href=\"https:\/\/www.parquoijecommence.eu\/?p=215\" title=\"Permalink to Et un article de plus, un!!\" rel=\"bookmark\">Et un article de plus, un!!<\/a> <span>31 juillet 2017<\/span><\/li><li><a href=\"https:\/\/www.parquoijecommence.eu\/?p=220\" title=\"Permalink to Bient\u00f4t le stade de France!!!\" rel=\"bookmark\">Bient\u00f4t le stade de France!!!<\/a> <span>2 ao\u00fbt 2017<\/span><\/li><li><a href=\"https:\/\/www.parquoijecommence.eu\/?p=278\" title=\"Permalink to Une limace, 2 principes (voire 3)&#8230;\" rel=\"bookmark\">Une limace, 2 principes (voire 3)&#8230;<\/a> <span>12 ao\u00fbt 2017<\/span><\/li><li><a href=\"https:\/\/www.parquoijecommence.eu\/?p=289\" title=\"Permalink to Toi, t&rsquo;as chang\u00e9 quelque chose !\" rel=\"bookmark\">Toi, t&rsquo;as chang\u00e9 quelque chose !<\/a> <span>23 ao\u00fbt 2017<\/span><\/li><li><a href=\"https:\/\/www.parquoijecommence.eu\/?p=299\" title=\"Permalink to Une initiative qu&rsquo;elle est bonne!!\" rel=\"bookmark\">Une initiative qu&rsquo;elle est bonne!!<\/a> <span>24 ao\u00fbt 2017<\/span><\/li><li><a href=\"https:\/\/www.parquoijecommence.eu\/?p=312\" title=\"Permalink to La sortie, s&rsquo;il-vous-pla\u00eet ?\" rel=\"bookmark\">La sortie, s&rsquo;il-vous-pla\u00eet ?<\/a> <span>25 ao\u00fbt 2017<\/span><\/li><li><a href=\"https:\/\/www.parquoijecommence.eu\/?p=320\" title=\"Permalink to La sortie, s&rsquo;il-vous-pla\u00eet ? (2)\" rel=\"bookmark\">La sortie, s&rsquo;il-vous-pla\u00eet ? (2)<\/a> <span>29 ao\u00fbt 2017<\/span><\/li><li><a href=\"https:\/\/www.parquoijecommence.eu\/?p=342\" title=\"Permalink to Les mots qui font mal\" rel=\"bookmark\">Les mots qui font mal<\/a> <span>16 septembre 2017<\/span><\/li><li><a href=\"https:\/\/www.parquoijecommence.eu\/?p=347\" title=\"Permalink to Des arbres et des enfants\" rel=\"bookmark\">Des arbres et des enfants<\/a> <span>29 septembre 2017<\/span><\/li><li><a href=\"https:\/\/www.parquoijecommence.eu\/?p=362\" title=\"Permalink to Besoin d&rsquo;un petit coup de main: plantation d&rsquo;une haie vive\" rel=\"bookmark\">Besoin d&rsquo;un petit coup de main: plantation d&rsquo;une haie vive<\/a> <span>9 octobre 2017<\/span><\/li><li><a href=\"https:\/\/www.parquoijecommence.eu\/?p=376\" title=\"Permalink to MaxiFlash parle du Stuck !\" rel=\"bookmark\">MaxiFlash parle du Stuck !<\/a> <span>18 octobre 2017<\/span><\/li><li><a href=\"https:\/\/www.parquoijecommence.eu\/?p=386\" title=\"Permalink to R\u00e9mun\u00e9rer les b\u00e9n\u00e9voles : les Sol du S.E.L\" rel=\"bookmark\">R\u00e9mun\u00e9rer les b\u00e9n\u00e9voles : les Sol du S.E.L<\/a> <span>30 octobre 2017<\/span><\/li><li><a href=\"https:\/\/www.parquoijecommence.eu\/?p=418\" title=\"Permalink to Ce qu&rsquo;on a fait en octobre et novembre\" rel=\"bookmark\">Ce qu&rsquo;on a fait en octobre et novembre<\/a> <span>30 novembre 2017<\/span><\/li><li><a href=\"https:\/\/www.parquoijecommence.eu\/?p=424\" title=\"Permalink to On continue \u00e0 parler !\" rel=\"bookmark\">On continue \u00e0 parler !<\/a> <span>30 novembre 2017<\/span><\/li><li><a href=\"https:\/\/www.parquoijecommence.eu\/?p=427\" title=\"Permalink to On a aussi fait \u00e7a cet automne !\" rel=\"bookmark\">On a aussi fait \u00e7a cet automne !<\/a> <span>30 novembre 2017<\/span><\/li><li><a href=\"https:\/\/www.parquoijecommence.eu\/?p=436\" title=\"Permalink to Eco-\u00e9cole partie 1\" rel=\"bookmark\">Eco-\u00e9cole partie 1<\/a> <span>7 d\u00e9cembre 2017<\/span><\/li><li><a href=\"https:\/\/www.parquoijecommence.eu\/?p=448\" title=\"Permalink to \u00ab\u00a0Des actions, pas des discours\u00a0\u00bb\" rel=\"bookmark\">\u00ab\u00a0Des actions, pas des discours\u00a0\u00bb<\/a> <span>27 d\u00e9cembre 2017<\/span><\/li><li><a href=\"https:\/\/www.parquoijecommence.eu\/?p=457\" title=\"Permalink to L&rsquo;amour ou les prot\u00e9ines\" rel=\"bookmark\">L&rsquo;amour ou les prot\u00e9ines<\/a> <span>27 d\u00e9cembre 2017<\/span><\/li><li><a href=\"https:\/\/www.parquoijecommence.eu\/?p=519\" title=\"Permalink to Des arbres encore\" rel=\"bookmark\">Des arbres encore<\/a> <span>25 janvier 2018<\/span><\/li><li><a href=\"https:\/\/www.parquoijecommence.eu\/?p=526\" title=\"Permalink to Le pauvre et le riche. Et le bourgeois.\" rel=\"bookmark\">Le pauvre et le riche. Et le bourgeois.<\/a> <span>5 f\u00e9vrier 2018<\/span><\/li><li><a href=\"https:\/\/www.parquoijecommence.eu\/?p=571\" title=\"Permalink to Le collectif se montre au lyc\u00e9e Stanislas\" rel=\"bookmark\">Le collectif se montre au lyc\u00e9e Stanislas<\/a> <span>19 f\u00e9vrier 2018<\/span><\/li><li><a href=\"https:\/\/www.parquoijecommence.eu\/?p=546\" title=\"Permalink to Tous \u00e0 bord !\" rel=\"bookmark\">Tous \u00e0 bord !<\/a> <span>26 f\u00e9vrier 2018<\/span><\/li><li><a href=\"https:\/\/www.parquoijecommence.eu\/?p=561\" title=\"Permalink to La strat\u00e9gie gagnante !\" rel=\"bookmark\">La strat\u00e9gie gagnante !<\/a> <span>5 mars 2018<\/span><\/li><li><a href=\"https:\/\/www.parquoijecommence.eu\/?p=587\" title=\"Permalink to Un atelier de r\u00e9paration collaboratif \u00e0 Wissembourg: C&rsquo;est pour bient\u00f4t!!!\" rel=\"bookmark\">Un atelier de r\u00e9paration collaboratif \u00e0 Wissembourg: C&rsquo;est pour bient\u00f4t!!!<\/a> <span>7 mars 2018<\/span><\/li><li><a href=\"https:\/\/www.parquoijecommence.eu\/?p=596\" title=\"Permalink to L&rsquo;armoire \u00e0 dons&#8230; le retour!\" rel=\"bookmark\">L&rsquo;armoire \u00e0 dons&#8230; le retour!<\/a> <span>7 mars 2018<\/span><\/li><li><a href=\"https:\/\/www.parquoijecommence.eu\/?p=613\" title=\"Permalink to Trame verte Altenstadt\" rel=\"bookmark\">Trame verte Altenstadt<\/a> <span>9 mars 2018<\/span><\/li><li><a href=\"https:\/\/www.parquoijecommence.eu\/?p=648\" title=\"Permalink to Le Cercle de Silence\" rel=\"bookmark\">Le Cercle de Silence<\/a> <span>29 mars 2018<\/span><\/li><li><a href=\"https:\/\/www.parquoijecommence.eu\/?p=658\" title=\"Permalink to Produire de l&rsquo;\u00e9nergie ensemble\" rel=\"bookmark\">Produire de l&rsquo;\u00e9nergie ensemble<\/a> <span>1 avril 2018<\/span><\/li><li><a href=\"https:\/\/www.parquoijecommence.eu\/?p=679\" title=\"Permalink to Presse: Atelier de r\u00e9paration collaborative\" rel=\"bookmark\">Presse: Atelier de r\u00e9paration collaborative<\/a> <span>26 avril 2018<\/span><\/li><li><a href=\"https:\/\/www.parquoijecommence.eu\/?p=685\" title=\"Permalink to A taaaable !!\" rel=\"bookmark\">A taaaable !!<\/a> <span>1 mai 2018<\/span><\/li><li><a href=\"https:\/\/www.parquoijecommence.eu\/?p=715\" title=\"Permalink to Les collectivit\u00e9s doivent pouvoir payer en monnaie locale compl\u00e9mentaire\" rel=\"bookmark\">Les collectivit\u00e9s doivent pouvoir payer en monnaie locale compl\u00e9mentaire<\/a> <span>11 mai 2018<\/span><\/li><li><a href=\"https:\/\/www.parquoijecommence.eu\/?p=705\" title=\"Permalink to Wissembourg a plus d&rsquo;une corde \u00e0 son ARC&#8230;\" rel=\"bookmark\">Wissembourg a plus d&rsquo;une corde \u00e0 son ARC&#8230;<\/a> <span>19 mai 2018<\/span><\/li><li><a href=\"https:\/\/www.parquoijecommence.eu\/?p=750\" title=\"Permalink to R\u00e9union du groupe \u00ab\u00a0Z\u00e9ro D\u00e9chet\u00a0\u00bb le 28 mai\" rel=\"bookmark\">R\u00e9union du groupe \u00ab\u00a0Z\u00e9ro D\u00e9chet\u00a0\u00bb le 28 mai<\/a> <span>25 mai 2018<\/span><\/li><li><a href=\"https:\/\/www.parquoijecommence.eu\/?p=764\" title=\"Permalink to Joyeux anniversaire!!\" rel=\"bookmark\">Joyeux anniversaire!!<\/a> <span>3 juin 2018<\/span><\/li><li><a href=\"https:\/\/www.parquoijecommence.eu\/?p=789\" title=\"Permalink to Festival de l&rsquo;Outre-For\u00eat: demandez l&rsquo; prograaamme!!!!\" rel=\"bookmark\">Festival de l&rsquo;Outre-For\u00eat: demandez l&rsquo; prograaamme!!!!<\/a> <span>28 juin 2018<\/span><\/li><li><a href=\"https:\/\/www.parquoijecommence.eu\/?p=788\" title=\"Permalink to Connaissez-vous les Reumeuleuleu???\" rel=\"bookmark\">Connaissez-vous les Reumeuleuleu???<\/a> <span>6 juillet 2018<\/span><\/li><li><a href=\"https:\/\/www.parquoijecommence.eu\/?p=842\" title=\"Permalink to \u00ab\u00a0Nous avons toutes les solutions\u00a0\u00bb\" rel=\"bookmark\">\u00ab\u00a0Nous avons toutes les solutions\u00a0\u00bb<\/a> <span>6 ao\u00fbt 2018<\/span><\/li><li><a href=\"https:\/\/www.parquoijecommence.eu\/?p=862\" title=\"Permalink to Des pommes bio, et bient\u00f4t des abricots pr\u00e8s de chez nous !\" rel=\"bookmark\">Des pommes bio, et bient\u00f4t des abricots pr\u00e8s de chez nous !<\/a> <span>11 septembre 2018<\/span><\/li><li><a href=\"https:\/\/www.parquoijecommence.eu\/?p=867\" title=\"Permalink to Uchronie\" rel=\"bookmark\">Uchronie<\/a> <span>13 septembre 2018<\/span><\/li><li><a href=\"https:\/\/www.parquoijecommence.eu\/?p=873\" title=\"Permalink to Une Oasis au coeur de la ville\" rel=\"bookmark\">Une Oasis au coeur de la ville<\/a> <span>19 septembre 2018<\/span><\/li><li><a href=\"https:\/\/www.parquoijecommence.eu\/?p=880\" title=\"Permalink to Carnet rose + \u00e9v\u00e9nement\" rel=\"bookmark\">Carnet rose + \u00e9v\u00e9nement<\/a> <span>19 septembre 2018<\/span><\/li><li><a href=\"https:\/\/www.parquoijecommence.eu\/?p=997\" title=\"Permalink to O\u00f9 l&rsquo;on parle des monnaies locales&#8230;\" rel=\"bookmark\">O\u00f9 l&rsquo;on parle des monnaies locales&#8230;<\/a> <span>18 janvier 2019<\/span><\/li><li><a href=\"https:\/\/www.parquoijecommence.eu\/?p=1029\" title=\"Permalink to Histoire d&rsquo;affaire du si\u00e8cle et d&rsquo;actions en justice &#8230;\" rel=\"bookmark\">Histoire d&rsquo;affaire du si\u00e8cle et d&rsquo;actions en justice &#8230;<\/a> <span>29 janvier 2019<\/span><\/li><li><a href=\"https:\/\/www.parquoijecommence.eu\/?p=1051\" title=\"Permalink to La soir\u00e9e Z\u00e9ro D\u00e9chets vue par les DNA\" rel=\"bookmark\">La soir\u00e9e Z\u00e9ro D\u00e9chets vue par les DNA<\/a> <span>30 janvier 2019<\/span><\/li><li><a href=\"https:\/\/www.parquoijecommence.eu\/?p=1066\" title=\"Permalink to Le Libre&#8230;\" rel=\"bookmark\">Le Libre&#8230;<\/a> <span>1 f\u00e9vrier 2019<\/span><\/li><li><a href=\"https:\/\/www.parquoijecommence.eu\/?p=1087\" title=\"Permalink to et l&rsquo;on parle de Centrales Villageoises \u2026\" rel=\"bookmark\">et l&rsquo;on parle de Centrales Villageoises \u2026<\/a> <span>19 f\u00e9vrier 2019<\/span><\/li><li><a href=\"https:\/\/www.parquoijecommence.eu\/?p=1208\" title=\"Permalink to La permaculture s\u2019invite au lyc\u00e9e Stanislas\" rel=\"bookmark\">La permaculture s\u2019invite au lyc\u00e9e Stanislas<\/a> <span>21 juin 2019<\/span><\/li><li><a href=\"https:\/\/www.parquoijecommence.eu\/?p=1334\" title=\"Permalink to Lettre ouverte aux futur.e.s \u00e9lu.e.s de Wissembourg \u2013 Altenstadt \u2013 Weiler\" rel=\"bookmark\">Lettre ouverte aux futur.e.s \u00e9lu.e.s de Wissembourg \u2013 Altenstadt \u2013 Weiler<\/a> <span>21 d\u00e9cembre 2019<\/span><\/li><li><a href=\"https:\/\/www.parquoijecommence.eu\/?p=1452\" title=\"Permalink to Pacte pour la Transition&#8230; sign\u00e9 par deux listes \u00e0 Wissembourg\" rel=\"bookmark\">Pacte pour la Transition&#8230; sign\u00e9 par deux listes \u00e0 Wissembourg<\/a> <span>29 mars 2020<\/span><\/li><li><a href=\"https:\/\/www.parquoijecommence.eu\/?p=1458\" title=\"Permalink to MOOC Conception en Permaculture\" rel=\"bookmark\">MOOC Conception en Permaculture<\/a> <span>3 avril 2020<\/span><\/li><\/ul><\/div><div id=\"wp-realtime-sitemap-archives\"><h3>Archives<\/h3><ul>\t<li><a href='https:\/\/www.parquoijecommence.eu\/?m=202004'>avril 2020<\/a>&nbsp;(1)<\/li>\n\t<li><a href='https:\/\/www.parquoijecommence.eu\/?m=202003'>mars 2020<\/a>&nbsp;(1)<\/li>\n\t<li><a href='https:\/\/www.parquoijecommence.eu\/?m=201912'>d\u00e9cembre 2019<\/a>&nbsp;(1)<\/li>\n\t<li><a href='https:\/\/www.parquoijecommence.eu\/?m=201906'>juin 2019<\/a>&nbsp;(1)<\/li>\n\t<li><a href='https:\/\/www.parquoijecommence.eu\/?m=201902'>f\u00e9vrier 2019<\/a>&nbsp;(2)<\/li>\n\t<li><a href='https:\/\/www.parquoijecommence.eu\/?m=201901'>janvier 2019<\/a>&nbsp;(3)<\/li>\n\t<li><a href='https:\/\/www.parquoijecommence.eu\/?m=201809'>septembre 2018<\/a>&nbsp;(4)<\/li>\n\t<li><a href='https:\/\/www.parquoijecommence.eu\/?m=201808'>ao\u00fbt 2018<\/a>&nbsp;(1)<\/li>\n\t<li><a href='https:\/\/www.parquoijecommence.eu\/?m=201807'>juillet 2018<\/a>&nbsp;(1)<\/li>\n\t<li><a href='https:\/\/www.parquoijecommence.eu\/?m=201806'>juin 2018<\/a>&nbsp;(2)<\/li>\n\t<li><a href='https:\/\/www.parquoijecommence.eu\/?m=201805'>mai 2018<\/a>&nbsp;(4)<\/li>\n\t<li><a href='https:\/\/www.parquoijecommence.eu\/?m=201804'>avril 2018<\/a>&nbsp;(2)<\/li>\n\t<li><a href='https:\/\/www.parquoijecommence.eu\/?m=201803'>mars 2018<\/a>&nbsp;(5)<\/li>\n\t<li><a href='https:\/\/www.parquoijecommence.eu\/?m=201802'>f\u00e9vrier 2018<\/a>&nbsp;(3)<\/li>\n\t<li><a href='https:\/\/www.parquoijecommence.eu\/?m=201801'>janvier 2018<\/a>&nbsp;(1)<\/li>\n\t<li><a href='https:\/\/www.parquoijecommence.eu\/?m=201712'>d\u00e9cembre 2017<\/a>&nbsp;(3)<\/li>\n\t<li><a href='https:\/\/www.parquoijecommence.eu\/?m=201711'>novembre 2017<\/a>&nbsp;(3)<\/li>\n\t<li><a href='https:\/\/www.parquoijecommence.eu\/?m=201710'>octobre 2017<\/a>&nbsp;(3)<\/li>\n\t<li><a href='https:\/\/www.parquoijecommence.eu\/?m=201709'>septembre 2017<\/a>&nbsp;(2)<\/li>\n\t<li><a href='https:\/\/www.parquoijecommence.eu\/?m=201708'>ao\u00fbt 2017<\/a>&nbsp;(6)<\/li>\n\t<li><a href='https:\/\/www.parquoijecommence.eu\/?m=201707'>juillet 2017<\/a>&nbsp;(3)<\/li>\n\t<li><a href='https:\/\/www.parquoijecommence.eu\/?m=201706'>juin 2017<\/a>&nbsp;(2)<\/li>\n<\/ul><\/div><div id=\"wp-realtime-sitemap-categories\"><h3>Categories<\/h3><ul>\t<li class=\"cat-item cat-item-6\"><a href=\"https:\/\/www.parquoijecommence.eu\/?cat=6\">Agriculture\/Alimentation<\/a> (15)\n<ul class='children'>\n\t<li class=\"cat-item cat-item-70\"><a href=\"https:\/\/www.parquoijecommence.eu\/?cat=70\">permaculture<\/a> (5)\n<\/li>\n\t<li class=\"cat-item cat-item-71\"><a href=\"https:\/\/www.parquoijecommence.eu\/?cat=71\">technique de jardinage<\/a> (2)\n<\/li>\n\t<li class=\"cat-item cat-item-78\"><a href=\"https:\/\/www.parquoijecommence.eu\/?cat=78\">Z\u00e9ro d\u00e9chet<\/a> (4)\n<\/li>\n<\/ul>\n<\/li>\n\t<li class=\"cat-item cat-item-82\"><a href=\"https:\/\/www.parquoijecommence.eu\/?cat=82\">alimentation<\/a> (7)\n<\/li>\n\t<li class=\"cat-item cat-item-99\"><a href=\"https:\/\/www.parquoijecommence.eu\/?cat=99\">Changement<\/a> (24)\n<\/li>\n\t<li class=\"cat-item cat-item-14\"><a href=\"https:\/\/www.parquoijecommence.eu\/?cat=14\">Collectif<\/a> (19)\n<\/li>\n\t<li class=\"cat-item cat-item-89\"><a href=\"https:\/\/www.parquoijecommence.eu\/?cat=89\">Communication<\/a> (7)\n<\/li>\n\t<li class=\"cat-item cat-item-3\"><a href=\"https:\/\/www.parquoijecommence.eu\/?cat=3\">D\u00e9mocratie<\/a> (12)\n<\/li>\n\t<li class=\"cat-item cat-item-5\"><a href=\"https:\/\/www.parquoijecommence.eu\/?cat=5\">Economie<\/a> (11)\n<\/li>\n\t<li class=\"cat-item cat-item-4\"><a href=\"https:\/\/www.parquoijecommence.eu\/?cat=4\">Education<\/a> (10)\n<\/li>\n\t<li class=\"cat-item cat-item-7\"><a href=\"https:\/\/www.parquoijecommence.eu\/?cat=7\">Energie<\/a> (13)\n<\/li>\n\t<li class=\"cat-item cat-item-90\"><a href=\"https:\/\/www.parquoijecommence.eu\/?cat=90\">Environnement<\/a> (10)\n<\/li>\n\t<li class=\"cat-item cat-item-140\"><a href=\"https:\/\/www.parquoijecommence.eu\/?cat=140\">Humeur<\/a> (2)\n<\/li>\n\t<li class=\"cat-item cat-item-1\"><a href=\"https:\/\/www.parquoijecommence.eu\/?cat=1\">Non class\u00e9<\/a> (7)\n<\/li>\n\t<li class=\"cat-item cat-item-102\"><a href=\"https:\/\/www.parquoijecommence.eu\/?cat=102\">Presse<\/a> (15)\n<\/li>\n\t<li class=\"cat-item cat-item-122\"><a href=\"https:\/\/www.parquoijecommence.eu\/?cat=122\">Solidarit\u00e9<\/a> (3)\n<\/li>\n\t<li class=\"cat-item cat-item-80\"><a href=\"https:\/\/www.parquoijecommence.eu\/?cat=80\">strasbourg<\/a> (2)\n<\/li>\n\t<li class=\"cat-item cat-item-79\"><a href=\"https:\/\/www.parquoijecommence.eu\/?cat=79\">z\u00e9ro d\u00e9chet<\/a> (3)\n<\/li>\n<\/ul><\/div>\n","protected":false},"excerpt":{"rendered":"","protected":false},"author":2,"featured_media":0,"parent":0,"menu_order":0,"comment_status":"closed","ping_status":"closed","template":"","meta":{"colormag_page_container_layout":"default_layout","colormag_page_sidebar_layout":"default_layout","footnotes":""},"class_list":["post-747","page","type-page","status-publish","hentry"],"_links":{"self":[{"href":"https:\/\/www.parquoijecommence.eu\/index.php?rest_route=\/wp\/v2\/pages\/747","targetHints":{"allow":["GET"]}}],"collection":[{"href":"https:\/\/www.parquoijecommence.eu\/index.php?rest_route=\/wp\/v2\/pages"}],"about":[{"href":"https:\/\/www.parquoijecommence.eu\/index.php?rest_route=\/wp\/v2\/types\/page"}],"author":[{"embeddable":true,"href":"https:\/\/www.parquoijecommence.eu\/index.php?rest_route=\/wp\/v2\/users\/2"}],"replies":[{"embeddable":true,"href":"https:\/\/www.parquoijecommence.eu\/index.php?rest_route=%2Fwp%2Fv2%2Fcomments&post=747"}],"version-history":[{"count":1,"href":"https:\/\/www.parquoijecommence.eu\/index.php?rest_route=\/wp\/v2\/pages\/747\/revisions"}],"predecessor-version":[{"id":749,"href":"https:\/\/www.parquoijecommence.eu\/index.php?rest_route=\/wp\/v2\/pages\/747\/revisions\/749"}],"wp:attachment":[{"href":"https:\/\/www.parquoijecommence.eu\/index.php?rest_route=%2Fwp%2Fv2%2Fmedia&parent=747"}],"curies":[{"name":"wp","href":"https:\/\/api.w.org\/{rel}","templated":true}]}}