{"id":1360,"date":"2020-01-03T19:23:44","date_gmt":"2020-01-03T18:23:44","guid":{"rendered":"http:\/\/www.parquoijecommence.eu\/?page_id=1360"},"modified":"2020-03-29T12:37:50","modified_gmt":"2020-03-29T10:37:50","slug":"centrales-villageoise-nord-alsace-atena","status":"publish","type":"page","link":"https:\/\/www.parquoijecommence.eu\/?page_id=1360","title":{"rendered":"Centrales Villageoises du Nord-Alsace &#8211; ATENA"},"content":{"rendered":"\n<figure class=\"wp-block-image size-large\"><img loading=\"lazy\" decoding=\"async\" width=\"462\" height=\"196\" src=\"http:\/\/www.parquoijecommence.eu\/wp-content\/uploads\/2019\/12\/atena-logo.jpg\" alt=\"\" class=\"wp-image-1346\" srcset=\"https:\/\/www.parquoijecommence.eu\/wp-content\/uploads\/2019\/12\/atena-logo.jpg 462w, https:\/\/www.parquoijecommence.eu\/wp-content\/uploads\/2019\/12\/atena-logo-300x127.jpg 300w\" sizes=\"auto, (max-width: 462px) 100vw, 462px\" \/><\/figure>\n\n\n\n<p>Depuis fin 2018, un collectif de <strong>citoyens<\/strong>, de communes et d&rsquo;entreprises des <strong>ComCom de Sauer-Pechelbronn<\/strong> et du <strong>Pays de Wissembourg<\/strong> se r\u00e9unissent r\u00e9guli\u00e8rement pour mener ensemble un projet en faveur de la transition \u00e9nerg\u00e9tique.<\/p>\n\n\n\n<p>L&rsquo;<strong>objectif<\/strong> est de produire de l&rsquo;\u00e9nergie localement et par ce biais sensibiliser tous les citoyen.ne.s \u00e0 cette th\u00e9matique de la production\/consommation de l&rsquo;\u00e9nergie sur nos territoires.<\/p>\n\n\n\n<figure class=\"wp-block-image size-large\"><img loading=\"lazy\" decoding=\"async\" width=\"1024\" height=\"542\" src=\"http:\/\/www.parquoijecommence.eu\/wp-content\/uploads\/2020\/01\/photo_lancement_small-1024x542.jpg\" alt=\"\" class=\"wp-image-1366\"\/><\/figure>\n\n\n\n<p>Ce projet s&rsquo;inscrit dans la d\u00e9marche propos\u00e9e par les <strong>Centrales Villageoises<\/strong> et partage donc les <strong>valeurs<\/strong> de la Charte associ\u00e9e, \u00e0 savoir :<\/p>\n\n\n\n<figure class=\"wp-block-image size-large\"><img loading=\"lazy\" decoding=\"async\" width=\"258\" height=\"95\" src=\"http:\/\/www.parquoijecommence.eu\/wp-content\/uploads\/2020\/01\/logo_CV.png\" alt=\"\" class=\"wp-image-1374\"\/><\/figure>\n\n\n\n<ul class=\"wp-block-list\"><li>La participation citoyenne<\/li><li>Le lien aux collectivit\u00e9s locales<\/li><li>Le respect de l&rsquo;environnement, du patrimoine b\u00e2ti, architectural et paysager<\/li><li>La valorisation locale des ressources du territoire<\/li><li>Le partage des richesses cr\u00e9\u00e9es<\/li><li>La contribution au d\u00e9veloppement local<\/li><\/ul>\n\n\n\n<p>Fin 2019, la phase \u00ab\u00a0\u00c9mergente\u00a0\u00bb touche \u00e0 sa fin, un projet de centrale villageoise photovolta\u00efque est \u00e9labor\u00e9. Ainsi, une <strong>soci\u00e9t\u00e9 citoyenne d\u2019\u00e9nergie renouvelable<\/strong> va voir le jour et sa premi\u00e8re action sera d&rsquo;installer des panneaux photovolta\u00efques sur des toitures publiques et\/ou priv\u00e9es pour produire de l\u2019\u00e9lectricit\u00e9 qui sera revendue \u00e0 \u00c9lectricit\u00e9 de Strasbourg. Concr\u00e8tement :<\/p>\n\n\n\n<ul class=\"wp-block-list\"><li>Une douzaine de toitures sont identifi\u00e9es comme candidates \u00e0 recevoir 36 kWc (~250 m2)<\/li><li>Les statuts d&rsquo;une soci\u00e9t\u00e9 par actions simplifi\u00e9e (SAS) ont \u00e9t\u00e9 r\u00e9dig\u00e9s et valid\u00e9s par l&rsquo;association des Centrales Villageoises<\/li><\/ul>\n\n\n\n<p>Pour 2020, les prochaines \u00e9tapes sont :<\/p>\n\n\n\n<ul class=\"wp-block-list\"><li>Cr\u00e9ation de la soci\u00e9t\u00e9 \u00ab\u00a0Centrales Villageoise du Nord-Alsace &#8211; ATENA\u00a0\u00bb<\/li><li>Collecte de fonds pour permettre les investissements n\u00e9cessaires (1 action = 100 \u20ac, 1 voix par actionnaire associ\u00e9 quelque soit le nombre d&rsquo;actions)<\/li><li>Expertise des toitures cibl\u00e9es pour valider la faisabilit\u00e9 de l&rsquo;installation photovolta\u00efque<\/li><li>Installation des panneaux par des entreprises locales<\/li><\/ul>\n\n\n\n<figure class=\"wp-block-image size-large\"><img loading=\"lazy\" decoding=\"async\" width=\"640\" height=\"311\" src=\"http:\/\/www.parquoijecommence.eu\/wp-content\/uploads\/2020\/01\/PVavecTechnicien_640.jpg\" alt=\"\" class=\"wp-image-1381\" srcset=\"https:\/\/www.parquoijecommence.eu\/wp-content\/uploads\/2020\/01\/PVavecTechnicien_640.jpg 640w, https:\/\/www.parquoijecommence.eu\/wp-content\/uploads\/2020\/01\/PVavecTechnicien_640-300x146.jpg 300w, https:\/\/www.parquoijecommence.eu\/wp-content\/uploads\/2020\/01\/PVavecTechnicien_640-600x292.jpg 600w\" sizes=\"auto, (max-width: 640px) 100vw, 640px\" \/><\/figure>\n\n\n\n<hr class=\"wp-block-separator has-text-color has-background has-luminous-vivid-orange-background-color has-luminous-vivid-orange-color\"\/>\n\n\n\n<p><strong>Vous \u00eates int\u00e9ress\u00e9s par :<\/strong><\/p>\n\n\n\n<ul class=\"wp-block-list\"><li>Les soci\u00e9t\u00e9s citoyennes d&rsquo;\u00e9nergie renouvelable : <ul><li><a href=\"http:\/\/www.parquoijecommence.eu\/wp-content\/uploads\/2020\/01\/SocCitEnr_191210.pdf\">Petite pr\u00e9sentation donn\u00e9e le 10\/12\/2019 \u00e0 Wissembourg<\/a><\/li><\/ul><\/li><li>Le Collectif ATENA :<ul><li><a href=\"http:\/\/www.parquoijecommence.eu\/wp-content\/uploads\/2019\/12\/ATENA3.pdf\">Premier prospectus<\/a><\/li><\/ul><\/li><li>Le projet actuel ? Pour apporter vos comp\u00e9tences, pour investir, pour en savoir plus ?<ul><li>Contactez : nordalsace-atena [at] centralesvillageoises.fr<\/li><\/ul><\/li><\/ul>\n\n\n\n<hr class=\"wp-block-separator has-text-color has-background has-luminous-vivid-orange-background-color has-luminous-vivid-orange-color\"\/>\n\n\n\n<p class=\"has-small-font-size\"><em>R\u00e9f\u00e9rents du Collectif : Jo\u00ebl, Manu, St\u00e9phane, Sophie<\/em><\/p>\n","protected":false},"excerpt":{"rendered":"<p>Depuis fin 2018, un collectif de citoyens, de communes et d&rsquo;entreprises des ComCom de Sauer-Pechelbronn et du Pays de Wissembourg<\/p>\n","protected":false},"author":5,"featured_media":0,"parent":0,"menu_order":0,"comment_status":"closed","ping_status":"closed","template":"","meta":{"colormag_page_container_layout":"default_layout","colormag_page_sidebar_layout":"default_layout","footnotes":""},"class_list":["post-1360","page","type-page","status-publish","hentry"],"_links":{"self":[{"href":"https:\/\/www.parquoijecommence.eu\/index.php?rest_route=\/wp\/v2\/pages\/1360","targetHints":{"allow":["GET"]}}],"collection":[{"href":"https:\/\/www.parquoijecommence.eu\/index.php?rest_route=\/wp\/v2\/pages"}],"about":[{"href":"https:\/\/www.parquoijecommence.eu\/index.php?rest_route=\/wp\/v2\/types\/page"}],"author":[{"embeddable":true,"href":"https:\/\/www.parquoijecommence.eu\/index.php?rest_route=\/wp\/v2\/users\/5"}],"replies":[{"embeddable":true,"href":"https:\/\/www.parquoijecommence.eu\/index.php?rest_route=%2Fwp%2Fv2%2Fcomments&post=1360"}],"version-history":[{"count":16,"href":"https:\/\/www.parquoijecommence.eu\/index.php?rest_route=\/wp\/v2\/pages\/1360\/revisions"}],"predecessor-version":[{"id":1436,"href":"https:\/\/www.parquoijecommence.eu\/index.php?rest_route=\/wp\/v2\/pages\/1360\/revisions\/1436"}],"wp:attachment":[{"href":"https:\/\/www.parquoijecommence.eu\/index.php?rest_route=%2Fwp%2Fv2%2Fmedia&parent=1360"}],"curies":[{"name":"wp","href":"https:\/\/api.w.org\/{rel}","templated":true}]}}